{"id":527,"date":"2016-08-14T19:08:28","date_gmt":"2016-08-14T19:08:28","guid":{"rendered":"http:\/\/shaver.freevision.me\/classic\/?page_id=527"},"modified":"2022-11-15T10:05:00","modified_gmt":"2022-11-15T10:05:00","slug":"salons","status":"publish","type":"page","link":"https:\/\/schoenheitswahn-magdeburg.de\/wordpress\/","title":{"rendered":"Salons"},"content":{"rendered":"<section class=\"wpb-content-wrapper\"><p>[vc_row full_width=&#8220;stretch_row&#8220; parallax=&#8220;content-moving&#8220; parallax_image=&#8220;1129&#8243; css=&#8220;.vc_custom_1592830906765{margin-top: 0px !important;margin-bottom: 0px !important;padding-top: 100px !important;padding-bottom: 100px !important;}&#8220;][vc_column column_use_custom_typography=&#8220;1&#8243; column_use_custom_typography_color=&#8220;#ffffff&#8220;][vc_row_inner css=&#8220;.vc_custom_1591969260818{padding-top: 50px !important;}&#8220;][vc_column_inner][vc_custom_heading text=&#8220;Unsere Salons&#8220; font_container=&#8220;tag:h1|text_align:center|color:%23ffffff&#8220; use_theme_fonts=&#8220;yes&#8220; css=&#8220;.vc_custom_1592830929515{margin-top: 0px !important;padding-top: 0px !important;}&#8220;][vc_custom_heading text=&#8220;Wir lieben was wir tun!&#8220; font_container=&#8220;tag:h4|font_size:24|text_align:center|color:%23c3bd23|line_height:40px&#8220; google_fonts=&#8220;font_family:Kaushan%20Script%3Aregular|font_style:400%20regular%3A400%3Anormal&#8220;][\/vc_column_inner][\/vc_row_inner][\/vc_column][\/vc_row][vc_row full_width=&#8220;stretch_row&#8220; gap=&#8220;20&#8243; parallax=&#8220;content-moving&#8220; parallax_image=&#8220;1019&#8243; row_top_ripped_effect=&#8220;1&#8243; row_bottom_ripped_effect=&#8220;1&#8243; el_id=&#8220;photos&#8220; css=&#8220;.vc_custom_1592835950500{margin-top: 0px !important;margin-bottom: 0px !important;padding-top: 60px !important;padding-right: 20px !important;padding-bottom: 120px !important;padding-left: 20px !important;}&#8220;][vc_column][vc_row_inner gap=&#8220;20&#8243; css=&#8220;.vc_custom_1592836034263{margin-top: 30px !important;padding-top: 30px !important;padding-right: 20px !important;padding-left: 20px !important;}&#8220;][vc_column_inner width=&#8220;1\/2&#8243; css=&#8220;.vc_custom_1592830750510{padding-right: 10px !important;padding-left: 10px !important;}&#8220;][vc_column_text]<\/p>\n<h4>Philosophie<\/h4>\n<p>Unser K\u00f6rper braucht ausreichend Entspannung &#8211; als Ausgleich f\u00fcr die zunehmende Hektik im Alltag kommt zu uns. Lernt bei uns richtig zu relaxen.<\/p>\n<p>Wir bieten Euch mehr als nur einen Haarschnitt. Beim Betreten unseres Salons gelangt Ihr direkt zur gem\u00fctlichen Wartefl\u00e4che. Bei eventuellen Wartezeiten reichen wir leckere, kalte und warme Getr\u00e4nke, die Euch das Warten so angenehm wie nur m\u00f6glich machen. Verschafft Euch einen kleinen Einblick \u00fcber unsere Arbeit und die Angebote unserer Beautyoase im Stil von indischen Dekorationen und den barock\u00e4hnlichen Utensilien im Schneideraum Bereich.<br \/>\nEine perfekte Beratung sorgt f\u00fcr Entspannung und Wohlbefinden. Wir freuen uns \u00fcber Euren Besuch.[\/vc_column_text][\/vc_column_inner][vc_column_inner width=&#8220;1\/2&#8243; css=&#8220;.vc_custom_1592830763442{padding-right: 10px !important;padding-left: 10px !important;}&#8220;][vc_column_text]<\/p>\n<h4>Unser Ziel<\/h4>\n<p>Unsere Kunden zu verw\u00f6hnen und deren Freizeit so positiv zu gestalten wie es uns m\u00f6glich ist.\u00a0Wir wissen das Ihr nur wenig davon habt. Darum sind wir bestrebt, unsere Leistungen h\u00f6chstqualifiziert\u00a0und in angemessener Zeit an Euch weiterzugeben. Ihr sollt euch rundum wohlf\u00fchlen, deshalb verw\u00f6hnen<br \/>\nwir Euch nicht nur mit unserer Kreativit\u00e4t, sondern auch mit kleinen Erfrischungen und Wellnessangeboten.<\/p>\n<h4>Die Pflege<\/h4>\n<p>Ein wichtiger Teil eines Friseurbesuchs ist die richtige Pflege. Denn Haare sind Natur und sollten auch so\u00a0nat\u00fcrlich wie m\u00f6glich gef\u00e4rbt und gepflegt werden. Nur dann kann die Struktur erhalten bleiben und Du siehst gesund und gepflegt aus. Das entspricht zu 100% nicht nur unserer Philosophie, sondern auch der von Paul Mitchell und Redken.\u00a0Deshalb tun wir alles daf\u00fcr, nach einer entspannten Massage ihr Wohlbefinden hervorzuheben.[\/vc_column_text][\/vc_column_inner][\/vc_row_inner][vc_row_inner][vc_column_inner width=&#8220;1\/6&#8243;][\/vc_column_inner][vc_column_inner width=&#8220;1\/6&#8243;][\/vc_column_inner][vc_column_inner width=&#8220;1\/6&#8243;][vc_single_image image=&#8220;1254&#8243; img_size=&#8220;full&#8220; alignment=&#8220;center&#8220;][\/vc_column_inner][vc_column_inner width=&#8220;1\/6&#8243;][vc_single_image image=&#8220;1253&#8243; img_size=&#8220;full&#8220; alignment=&#8220;center&#8220;][\/vc_column_inner][vc_column_inner width=&#8220;1\/6&#8243;][\/vc_column_inner][vc_column_inner width=&#8220;1\/6&#8243;][\/vc_column_inner][\/vc_row_inner][\/vc_column][\/vc_row][vc_row full_width=&#8220;stretch_row_content&#8220; content_placement=&#8220;middle&#8220; parallax=&#8220;content-moving&#8220; parallax_image=&#8220;970&#8243; css=&#8220;.vc_custom_1591879327574{margin-top: 0px !important;margin-bottom: 0px !important;padding-top: 30px !important;padding-right: 10% !important;padding-bottom: 150px !important;padding-left: 10% !important;background-color: #4f4f4f !important;}&#8220;][vc_column][vc_row_inner][vc_column_inner][vc_column_text]<\/p>\n<h1 style=\"text-align: center;\"><span style=\"font-size: 35px; color: #ffffff; line-height: 40px; text-align: right; font-family: Kaushan Script; font-weight: 400; font-style: normal;\">Unsere<\/span> Standorte<\/h1>\n<p>[\/vc_column_text][\/vc_column_inner][\/vc_row_inner][vc_empty_space height=&#8220;62px&#8220;][vc_row_inner][vc_column_inner width=&#8220;1\/2&#8243;]<div id=\"osb-88897\" class=\"ozy-service-box wpb_content_element \"><div class=\"front-face\"  style=\"background-image:url(https:\/\/schoenheitswahn-magdeburg.de\/wordpress\/wp-content\/uploads\/2020\/06\/frisuer_magdeburg_salon.jpg)\" ><h4>Salon Magdeburg<\/h4><div class=\"icon-container\"><div class=\"icon-border icon-border-left\"><\/div><i class=\"oic-telephone\"><\/i><div class=\"icon-border icon-border-right\"><\/div><\/div><div class=\"excerpt-box\">0391 60839077<\/div><\/div><div class=\"back-face\"  style=\"background-image:url(https:\/\/schoenheitswahn-magdeburg.de\/wordpress\/wp-content\/uploads\/2020\/06\/frisuer_magdeburg_salon.jpg)\" ><a href=\"tel:039133534534\"  target=\"\"><div class=\"icon-container\"><div class=\"icon-border icon-border-left\"><\/div><i class=\"oic-telephone\"><\/i><div class=\"icon-border icon-border-right\"><\/div><\/div><div class=\"excerpt-box\"><h4>Rufen Sie uns einfach an<\/h4><\/div><\/a><\/div><\/div>[\/vc_column_inner][vc_column_inner width=&#8220;1\/2&#8243;]<div id=\"osb-93107\" class=\"ozy-service-box wpb_content_element \"><div class=\"front-face\"  style=\"background-image:url(https:\/\/schoenheitswahn-magdeburg.de\/wordpress\/wp-content\/uploads\/2020\/06\/frisuer_colbitz_salon.jpg)\" ><h4>Salon Colbitz<\/h4><div class=\"icon-container\"><div class=\"icon-border icon-border-left\"><\/div><i class=\"oic-telephone\"><\/i><div class=\"icon-border icon-border-right\"><\/div><\/div><div class=\"excerpt-box\">039207 879798<\/div><\/div><div class=\"back-face\"  style=\"background-image:url(https:\/\/schoenheitswahn-magdeburg.de\/wordpress\/wp-content\/uploads\/2020\/06\/frisuer_colbitz_salon.jpg)\" ><a href=\"tel:039207879798\"  target=\"\"><div class=\"icon-container\"><div class=\"icon-border icon-border-left\"><\/div><i class=\"oic-telephone\"><\/i><div class=\"icon-border icon-border-right\"><\/div><\/div><div class=\"excerpt-box\"><h4>Rufen Sie uns einfach an<\/h4><\/div><\/a><\/div><\/div>[\/vc_column_inner][\/vc_row_inner][\/vc_column][\/vc_row]<\/p>\n<\/section>","protected":false},"excerpt":{"rendered":"<p>[vc_row full_width=&#8220;stretch_row&#8220; parallax=&#8220;content-moving&#8220; parallax_image=&#8220;1129&#8243; css=&#8220;.vc_custom_1592830906765{margin-top: 0px !important;margin-bottom: 0px !important;padding-top: 100px !important;padding-bottom: 100px !important;}&#8220;][vc_column column_use_custom_typography=&#8220;1&#8243; column_use_custom_typography_color=&#8220;#ffffff&#8220;][vc_row_inner css=&#8220;.vc_custom_1591969260818{padding-top: 50px !important;}&#8220;][vc_column_inner][vc_custom_heading text=&#8220;Unsere Salons&#8220; font_container=&#8220;tag:h1|text_align:center|color:%23ffffff&#8220; use_theme_fonts=&#8220;yes&#8220; css=&#8220;.vc_custom_1592830929515{margin-top: 0px !important;padding-top: 0px !important;}&#8220;][vc_custom_heading text=&#8220;Wir lieben was [&hellip;]<\/p>\n","protected":false},"author":1,"featured_media":0,"parent":0,"menu_order":0,"comment_status":"closed","ping_status":"closed","template":"","meta":{"footnotes":""},"yoast_head":"<!-- This site is optimized with the Yoast SEO plugin v21.3 - https:\/\/yoast.com\/wordpress\/plugins\/seo\/ -->\n<title>Unsere Friseur-Salons - Sch\u00f6nheitswahn Magdeburg<\/title>\n<meta name=\"description\" content=\"Wir lieben was wir tun und dies schon seit Jahren in Magdeburg. Wir bieten eine gro\u00dfe Palette an Friseur-Dienstleistungen an. Wir freuen uns auf Dich!\" \/>\n<meta name=\"robots\" content=\"index, follow, max-snippet:-1, max-image-preview:large, max-video-preview:-1\" \/>\n<link rel=\"canonical\" href=\"https:\/\/schoenheitswahn-magdeburg.de\/wordpress\/\" \/>\n<meta property=\"og:locale\" content=\"de_DE\" \/>\n<meta property=\"og:type\" content=\"article\" \/>\n<meta property=\"og:title\" content=\"Unsere Friseur-Salons - Sch\u00f6nheitswahn Magdeburg\" \/>\n<meta property=\"og:description\" content=\"Wir lieben was wir tun und dies schon seit Jahren in Magdeburg. Wir bieten eine gro\u00dfe Palette an Friseur-Dienstleistungen an. Wir freuen uns auf Dich!\" \/>\n<meta property=\"og:url\" content=\"https:\/\/schoenheitswahn-magdeburg.de\/wordpress\/\" \/>\n<meta property=\"og:site_name\" content=\"Sch\u00f6nheitswahn Magdeburg\" \/>\n<meta property=\"article:modified_time\" content=\"2022-11-15T10:05:00+00:00\" \/>\n<meta name=\"twitter:card\" content=\"summary_large_image\" \/>\n<meta name=\"twitter:label1\" content=\"Gesch\u00e4tzte Lesezeit\" \/>\n\t<meta name=\"twitter:data1\" content=\"3\u00a0Minuten\" \/>\n<script type=\"application\/ld+json\" class=\"yoast-schema-graph\">{\"@context\":\"https:\/\/schema.org\",\"@graph\":[{\"@type\":\"WebPage\",\"@id\":\"https:\/\/schoenheitswahn-magdeburg.de\/wordpress\/\",\"url\":\"https:\/\/schoenheitswahn-magdeburg.de\/wordpress\/\",\"name\":\"Unsere Friseur-Salons - Sch\u00f6nheitswahn Magdeburg\",\"isPartOf\":{\"@id\":\"https:\/\/schoenheitswahn-magdeburg.de\/wordpress\/#website\"},\"datePublished\":\"2016-08-14T19:08:28+00:00\",\"dateModified\":\"2022-11-15T10:05:00+00:00\",\"description\":\"Wir lieben was wir tun und dies schon seit Jahren in Magdeburg. Wir bieten eine gro\u00dfe Palette an Friseur-Dienstleistungen an. Wir freuen uns auf Dich!\",\"breadcrumb\":{\"@id\":\"https:\/\/schoenheitswahn-magdeburg.de\/wordpress\/#breadcrumb\"},\"inLanguage\":\"de\",\"potentialAction\":[{\"@type\":\"ReadAction\",\"target\":[\"https:\/\/schoenheitswahn-magdeburg.de\/wordpress\/\"]}]},{\"@type\":\"BreadcrumbList\",\"@id\":\"https:\/\/schoenheitswahn-magdeburg.de\/wordpress\/#breadcrumb\",\"itemListElement\":[{\"@type\":\"ListItem\",\"position\":1,\"name\":\"Home\",\"item\":\"https:\/\/schoenheitswahn-magdeburg.de\/wordpress\/\"},{\"@type\":\"ListItem\",\"position\":2,\"name\":\"Salons\"}]},{\"@type\":\"WebSite\",\"@id\":\"https:\/\/schoenheitswahn-magdeburg.de\/wordpress\/#website\",\"url\":\"https:\/\/schoenheitswahn-magdeburg.de\/wordpress\/\",\"name\":\"Sch\u00f6nheitswahn Magdeburg\",\"description\":\"Dein Friseur in Magdeburg\",\"potentialAction\":[{\"@type\":\"SearchAction\",\"target\":{\"@type\":\"EntryPoint\",\"urlTemplate\":\"https:\/\/schoenheitswahn-magdeburg.de\/wordpress\/?s={search_term_string}\"},\"query-input\":\"required name=search_term_string\"}],\"inLanguage\":\"de\"}]}<\/script>\n<!-- \/ Yoast SEO plugin. -->","yoast_head_json":{"title":"Unsere Friseur-Salons - Sch\u00f6nheitswahn Magdeburg","description":"Wir lieben was wir tun und dies schon seit Jahren in Magdeburg. Wir bieten eine gro\u00dfe Palette an Friseur-Dienstleistungen an. Wir freuen uns auf Dich!","robots":{"index":"index","follow":"follow","max-snippet":"max-snippet:-1","max-image-preview":"max-image-preview:large","max-video-preview":"max-video-preview:-1"},"canonical":"https:\/\/schoenheitswahn-magdeburg.de\/wordpress\/","og_locale":"de_DE","og_type":"article","og_title":"Unsere Friseur-Salons - Sch\u00f6nheitswahn Magdeburg","og_description":"Wir lieben was wir tun und dies schon seit Jahren in Magdeburg. Wir bieten eine gro\u00dfe Palette an Friseur-Dienstleistungen an. Wir freuen uns auf Dich!","og_url":"https:\/\/schoenheitswahn-magdeburg.de\/wordpress\/","og_site_name":"Sch\u00f6nheitswahn Magdeburg","article_modified_time":"2022-11-15T10:05:00+00:00","twitter_card":"summary_large_image","twitter_misc":{"Gesch\u00e4tzte Lesezeit":"3\u00a0Minuten"},"schema":{"@context":"https:\/\/schema.org","@graph":[{"@type":"WebPage","@id":"https:\/\/schoenheitswahn-magdeburg.de\/wordpress\/","url":"https:\/\/schoenheitswahn-magdeburg.de\/wordpress\/","name":"Unsere Friseur-Salons - Sch\u00f6nheitswahn Magdeburg","isPartOf":{"@id":"https:\/\/schoenheitswahn-magdeburg.de\/wordpress\/#website"},"datePublished":"2016-08-14T19:08:28+00:00","dateModified":"2022-11-15T10:05:00+00:00","description":"Wir lieben was wir tun und dies schon seit Jahren in Magdeburg. Wir bieten eine gro\u00dfe Palette an Friseur-Dienstleistungen an. Wir freuen uns auf Dich!","breadcrumb":{"@id":"https:\/\/schoenheitswahn-magdeburg.de\/wordpress\/#breadcrumb"},"inLanguage":"de","potentialAction":[{"@type":"ReadAction","target":["https:\/\/schoenheitswahn-magdeburg.de\/wordpress\/"]}]},{"@type":"BreadcrumbList","@id":"https:\/\/schoenheitswahn-magdeburg.de\/wordpress\/#breadcrumb","itemListElement":[{"@type":"ListItem","position":1,"name":"Home","item":"https:\/\/schoenheitswahn-magdeburg.de\/wordpress\/"},{"@type":"ListItem","position":2,"name":"Salons"}]},{"@type":"WebSite","@id":"https:\/\/schoenheitswahn-magdeburg.de\/wordpress\/#website","url":"https:\/\/schoenheitswahn-magdeburg.de\/wordpress\/","name":"Sch\u00f6nheitswahn Magdeburg","description":"Dein Friseur in Magdeburg","potentialAction":[{"@type":"SearchAction","target":{"@type":"EntryPoint","urlTemplate":"https:\/\/schoenheitswahn-magdeburg.de\/wordpress\/?s={search_term_string}"},"query-input":"required name=search_term_string"}],"inLanguage":"de"}]}},"_links":{"self":[{"href":"https:\/\/schoenheitswahn-magdeburg.de\/wordpress\/index.php?rest_route=\/wp\/v2\/pages\/527"}],"collection":[{"href":"https:\/\/schoenheitswahn-magdeburg.de\/wordpress\/index.php?rest_route=\/wp\/v2\/pages"}],"about":[{"href":"https:\/\/schoenheitswahn-magdeburg.de\/wordpress\/index.php?rest_route=\/wp\/v2\/types\/page"}],"author":[{"embeddable":true,"href":"https:\/\/schoenheitswahn-magdeburg.de\/wordpress\/index.php?rest_route=\/wp\/v2\/users\/1"}],"replies":[{"embeddable":true,"href":"https:\/\/schoenheitswahn-magdeburg.de\/wordpress\/index.php?rest_route=%2Fwp%2Fv2%2Fcomments&post=527"}],"version-history":[{"count":44,"href":"https:\/\/schoenheitswahn-magdeburg.de\/wordpress\/index.php?rest_route=\/wp\/v2\/pages\/527\/revisions"}],"predecessor-version":[{"id":1329,"href":"https:\/\/schoenheitswahn-magdeburg.de\/wordpress\/index.php?rest_route=\/wp\/v2\/pages\/527\/revisions\/1329"}],"wp:attachment":[{"href":"https:\/\/schoenheitswahn-magdeburg.de\/wordpress\/index.php?rest_route=%2Fwp%2Fv2%2Fmedia&parent=527"}],"curies":[{"name":"wp","href":"https:\/\/api.w.org\/{rel}","templated":true}]}}