{"id":870,"date":"2016-08-11T21:20:14","date_gmt":"2016-08-11T21:20:14","guid":{"rendered":"http:\/\/shaver.freevision.me\/classic\/?page_id=5"},"modified":"2025-12-12T10:43:33","modified_gmt":"2025-12-12T10:43:33","slug":"stylists","status":"publish","type":"page","link":"https:\/\/schoenheitswahn-magdeburg.de\/wordpress\/?page_id=870","title":{"rendered":"Team"},"content":{"rendered":"<section class=\"wpb-content-wrapper\"><p>[vc_row full_width=&#8220;stretch_row&#8220; parallax=&#8220;content-moving&#8220; parallax_image=&#8220;1129&#8243; css=&#8220;.vc_custom_1592833968672{margin-top: 0px !important;margin-bottom: 0px !important;padding-top: 100px !important;padding-bottom: 100px !important;}&#8220;][vc_column column_use_custom_typography=&#8220;1&#8243; column_use_custom_typography_color=&#8220;#ffffff&#8220;][vc_row_inner css=&#8220;.vc_custom_1591969260818{padding-top: 50px !important;}&#8220;][vc_column_inner][vc_custom_heading text=&#8220;Unser Team&#8220; font_container=&#8220;tag:h1|text_align:center|color:%23ffffff&#8220; use_theme_fonts=&#8220;yes&#8220; css=&#8220;.vc_custom_1592833953826{margin-top: 0px !important;padding-top: 0px !important;}&#8220;][vc_custom_heading text=&#8220;Die verr\u00fcckten K\u00fcnstler&#8220; font_container=&#8220;tag:h4|font_size:24|text_align:center|color:%23c3bd23|line_height:40px&#8220; google_fonts=&#8220;font_family:Kaushan%20Script%3Aregular|font_style:400%20regular%3A400%3Anormal&#8220;][\/vc_column_inner][\/vc_row_inner][\/vc_column][\/vc_row][vc_row full_width=&#8220;stretch_row_content&#8220; gap=&#8220;10&#8243; parallax=&#8220;content-moving&#8220; parallax_image=&#8220;1019&#8243; row_top_ripped_effect=&#8220;1&#8243; row_bottom_ripped_effect=&#8220;1&#8243; el_id=&#8220;photos&#8220; css=&#8220;.vc_custom_1592834002474{margin-top: 0px !important;margin-bottom: 0px !important;padding-top: 60px !important;padding-right: 10% !important;padding-bottom: 120px !important;padding-left: 10% !important;}&#8220;][vc_column][vc_row_inner gap=&#8220;10&#8243; css=&#8220;.vc_custom_1592834671893{padding-right: 20px !important;padding-bottom: 0px !important;padding-left: 20px !important;}&#8220;][vc_column_inner width=&#8220;1\/6&#8243;]\n<div class=\"ozy-team_member carousel-cell  has-extended-content\">\n<figure><a href=\"tel:039160839077\"><img src=\"https:\/\/schoenheitswahn-magdeburg.de\/wordpress\/wp-content\/uploads\/2020\/06\/daniel.jpg\" alt=\"Daniel\"><\/a><figcaption><h3>Daniel<\/h3><p>Mehr von Daniel<\/p><div><\/div><\/figcaption><\/figure><div class=\"extended-content\" data-rand_id=\"8364\"><table class=\"team-member-lightbox-table\"><tr><td><img src=\"https:\/\/schoenheitswahn-magdeburg.de\/wordpress\/wp-content\/uploads\/2020\/06\/daniel.jpg\" alt=\"Daniel\"><\/td><td class=\"content-font\"><h2 class=\"heading-font\">Daniel<\/h2><a href=\"tel:039160839077\" class=\"lightbox-book-me-now clearfix\">Termin vereinbaren<\/a><\/td><\/tr><\/table><\/div>\n<\/div>\n[\/vc_column_inner][vc_column_inner width=&#8220;1\/6&#8243;]\n<div class=\"ozy-team_member carousel-cell  has-extended-content\">\n<figure><a href=\"tel:039160839077\"><img src=\"https:\/\/schoenheitswahn-magdeburg.de\/wordpress\/wp-content\/uploads\/2020\/06\/ramon.jpg\" alt=\"Ramon\"><\/a><figcaption><h3>Ramon<\/h3><p>More on Ramon<\/p><div><\/div><\/figcaption><\/figure><div class=\"extended-content\" data-rand_id=\"5394\"><table class=\"team-member-lightbox-table\"><tr><td><img src=\"https:\/\/schoenheitswahn-magdeburg.de\/wordpress\/wp-content\/uploads\/2020\/06\/ramon.jpg\" alt=\"Ramon\"><\/td><td class=\"content-font\"><h2 class=\"heading-font\">Ramon<\/h2>Rudolf has been with Salon A for over 16 years. He specializes in coloring, custom blending, highlights, lowlights, and color corrections using L\u2019Oreal Professionel Coloring and Scruples Blazing highlighting system. Rudolf is also certified in the Brazilian Blowout smoothing treatment, an amazing treatment that smoothes and defrizzes hair, leaving it silky and shiny.<\/p>\n<p>Rudolf mastered his haircutting skills through extended training at Paul Mitchell, Toni &amp; Guy, Rusk, and ICON academies. His devotion to his clients over the years has allowed him to develop a special bond with each and everyone.<a href=\"tel:039160839077\" class=\"lightbox-book-me-now clearfix\">Termin vereinbaren<\/a><\/td><\/tr><\/table><\/div>\n<\/div>\n[\/vc_column_inner][vc_column_inner width=&#8220;1\/6&#8243;]\n<div class=\"ozy-team_member carousel-cell  has-extended-content\">\n<figure><a href=\"tel:039160839077\"><img src=\"https:\/\/schoenheitswahn-magdeburg.de\/wordpress\/wp-content\/uploads\/2020\/06\/Unbenannt-7.jpg\" alt=\"Johanna\"><\/a><figcaption><h3>Johanna<\/h3><p>Mehr von Johanna<\/p><div><\/div><\/figcaption><\/figure><div class=\"extended-content\" data-rand_id=\"4323\"><table class=\"team-member-lightbox-table\"><tr><td><img src=\"https:\/\/schoenheitswahn-magdeburg.de\/wordpress\/wp-content\/uploads\/2020\/06\/Unbenannt-7.jpg\" alt=\"Johanna\"><\/td><td class=\"content-font\"><h2 class=\"heading-font\">Johanna<\/h2>Ich bin Johanna, auch genannt Hanni. Manchmal nennen mich Kunden aus Versehen Heidi.<br \/>\nIch bin Azubi im 2. Lehrjahr, 21 Jahre jung und mit Leidenschaft zum Beruf seit 1,5 Jahren im <a class=\"_58cn\" href=\"https:\/\/www.facebook.com\/hashtag\/teamsch%C3%B6nheitswahn?__eep__=6&amp;epa=HASHTAG\" data-ft=\"{&quot;type&quot;:104,&quot;tn&quot;:&quot;*N&quot;}\">#teamsch\u00f6nheitswahn<\/a> .<br \/>\nAm meisten Spa\u00df machen mir Farbtechniken an mittellangen oder langen Haaren. Ich bin auch f\u00fcr WIMPERNVERDICHTUNG\/<wbr \/>WIMPERNVERL\u00c4NGERUNG zust\u00e4ndig.<span class=\"text_exposed_show\"><br \/>\nMeine Freizeit verbringe ich mit Familie, Freunden und meinem Freund.<br \/>\nWenn es wieder w\u00e4rmer wird, fahre ich gern auf Festivals und schwinge mein Tanzbein. Das ist die einzige Art von Sport, die mir liegt und Spa\u00df macht. Ein weiteres Hobby ist Essen. Ich liebe es in allen Variationen.<br \/>\nObwohl ich ein sehr fr\u00f6hlicher und lustiger Mensch bin, trage ich sowohl auf Arbeit als auch privat haupts\u00e4chlich schwarze Kleidung.<\/span><a href=\"tel:039160839077\" class=\"lightbox-book-me-now clearfix\">Termin vereinbaren<\/a><\/td><\/tr><\/table><\/div>\n<\/div>\n[\/vc_column_inner][vc_column_inner width=&#8220;1\/6&#8243;][\/vc_column_inner][vc_column_inner width=&#8220;1\/6&#8243;][\/vc_column_inner][vc_column_inner width=&#8220;1\/6&#8243;][\/vc_column_inner][\/vc_row_inner][\/vc_column][\/vc_row][vc_section full_width=&#8220;stretch_row&#8220; parallax=&#8220;content-moving&#8220; parallax_image=&#8220;1129&#8243;][vc_row full_width=&#8220;stretch_row&#8220; parallax=&#8220;content-moving&#8220; css=&#8220;.vc_custom_1592834542751{margin-top: 160px !important;margin-bottom: 160px !important;border-top-width: 10px !important;border-right-width: 10px !important;border-bottom-width: 10px !important;border-left-width: 10px !important;border-left-color: #c3bd23 !important;border-left-style: double !important;border-right-color: #c3bd23 !important;border-right-style: double !important;border-top-color: #c3bd23 !important;border-top-style: double !important;border-bottom-color: #c3bd23 !important;border-bottom-style: double !important;}&#8220;][vc_column][vc_row_inner content_placement=&#8220;middle&#8220;][vc_column_inner][vc_custom_heading text=&#8220;Interesse&#8220; font_container=&#8220;tag:h1|font_size:40|text_align:center|color:%23c3bd23|line_height:40px&#8220; google_fonts=&#8220;font_family:Kaushan%20Script%3Aregular|font_style:400%20regular%3A400%3Anormal&#8220;][vc_custom_heading text=&#8220;unser Team zu verst\u00e4rken?&#8220; font_container=&#8220;tag:h1|text_align:center|color:%23ffffff&#8220; use_theme_fonts=&#8220;yes&#8220; css=&#8220;.vc_custom_1591968505872{margin-top: 0px !important;padding-top: 0px !important;}&#8220;][\/vc_column_inner][\/vc_row_inner][vc_empty_space][vc_btn title=&#8220;Bewerbe Dich!&#8220; style=&#8220;outline-custom&#8220; outline_custom_color=&#8220;#ffffff&#8220; outline_custom_hover_background=&#8220;#c3bd23&#8243; outline_custom_hover_text=&#8220;#ffffff&#8220; shape=&#8220;square&#8220; align=&#8220;center&#8220; link=&#8220;url:https%3A%2F%2Fschoenheitswahn-magdeburg.de%2Fwordpress%2F%3Fpage_id%3D104|||&#8220;][vc_empty_space][\/vc_column][\/vc_row][\/vc_section]<\/p>\n<\/section>","protected":false},"excerpt":{"rendered":"<p>[vc_row full_width=&#8220;stretch_row&#8220; parallax=&#8220;content-moving&#8220; parallax_image=&#8220;1129&#8243; css=&#8220;.vc_custom_1592833968672{margin-top: 0px !important;margin-bottom: 0px !important;padding-top: 100px !important;padding-bottom: 100px !important;}&#8220;][vc_column column_use_custom_typography=&#8220;1&#8243; column_use_custom_typography_color=&#8220;#ffffff&#8220;][vc_row_inner css=&#8220;.vc_custom_1591969260818{padding-top: 50px !important;}&#8220;][vc_column_inner][vc_custom_heading text=&#8220;Unser Team&#8220; font_container=&#8220;tag:h1|text_align:center|color:%23ffffff&#8220; use_theme_fonts=&#8220;yes&#8220; css=&#8220;.vc_custom_1592833953826{margin-top: 0px !important;padding-top: 0px !important;}&#8220;][vc_custom_heading text=&#8220;Die verr\u00fcckten K\u00fcnstler&#8220; [&hellip;]<\/p>\n","protected":false},"author":1,"featured_media":0,"parent":0,"menu_order":0,"comment_status":"closed","ping_status":"closed","template":"","meta":{"footnotes":""},"yoast_head":"<!-- This site is optimized with the Yoast SEO plugin v21.3 - https:\/\/yoast.com\/wordpress\/plugins\/seo\/ -->\n<title>Unser Team - Sch\u00f6nheitswahn Magdeburg<\/title>\n<meta name=\"description\" content=\"Die verr\u00fcckten K\u00fcnstler. Ob kurz oder lang - ob Bart oder keiner, wir haben f\u00fcr jede Situationen einen Friseur-Experten in Magdeburg.\" \/>\n<meta name=\"robots\" content=\"index, follow, max-snippet:-1, max-image-preview:large, max-video-preview:-1\" \/>\n<link rel=\"canonical\" href=\"https:\/\/schoenheitswahn-magdeburg.de\/wordpress\/?page_id=870\" \/>\n<meta property=\"og:locale\" content=\"de_DE\" \/>\n<meta property=\"og:type\" content=\"article\" \/>\n<meta property=\"og:title\" content=\"Unser Team - Sch\u00f6nheitswahn Magdeburg\" \/>\n<meta property=\"og:description\" content=\"Die verr\u00fcckten K\u00fcnstler. Ob kurz oder lang - ob Bart oder keiner, wir haben f\u00fcr jede Situationen einen Friseur-Experten in Magdeburg.\" \/>\n<meta property=\"og:url\" content=\"https:\/\/schoenheitswahn-magdeburg.de\/wordpress\/?page_id=870\" \/>\n<meta property=\"og:site_name\" content=\"Sch\u00f6nheitswahn Magdeburg\" \/>\n<meta property=\"article:modified_time\" content=\"2025-12-12T10:43:33+00:00\" \/>\n<meta name=\"twitter:card\" content=\"summary_large_image\" \/>\n<meta name=\"twitter:label1\" content=\"Gesch\u00e4tzte Lesezeit\" \/>\n\t<meta name=\"twitter:data1\" content=\"2\u00a0Minuten\" \/>\n<script type=\"application\/ld+json\" class=\"yoast-schema-graph\">{\"@context\":\"https:\/\/schema.org\",\"@graph\":[{\"@type\":\"WebPage\",\"@id\":\"https:\/\/schoenheitswahn-magdeburg.de\/wordpress\/?page_id=870\",\"url\":\"https:\/\/schoenheitswahn-magdeburg.de\/wordpress\/?page_id=870\",\"name\":\"Unser Team - Sch\u00f6nheitswahn Magdeburg\",\"isPartOf\":{\"@id\":\"https:\/\/schoenheitswahn-magdeburg.de\/wordpress\/#website\"},\"datePublished\":\"2016-08-11T21:20:14+00:00\",\"dateModified\":\"2025-12-12T10:43:33+00:00\",\"description\":\"Die verr\u00fcckten K\u00fcnstler. Ob kurz oder lang - ob Bart oder keiner, wir haben f\u00fcr jede Situationen einen Friseur-Experten in Magdeburg.\",\"breadcrumb\":{\"@id\":\"https:\/\/schoenheitswahn-magdeburg.de\/wordpress\/?page_id=870#breadcrumb\"},\"inLanguage\":\"de\",\"potentialAction\":[{\"@type\":\"ReadAction\",\"target\":[\"https:\/\/schoenheitswahn-magdeburg.de\/wordpress\/?page_id=870\"]}]},{\"@type\":\"BreadcrumbList\",\"@id\":\"https:\/\/schoenheitswahn-magdeburg.de\/wordpress\/?page_id=870#breadcrumb\",\"itemListElement\":[{\"@type\":\"ListItem\",\"position\":1,\"name\":\"Home\",\"item\":\"https:\/\/schoenheitswahn-magdeburg.de\/wordpress\/\"},{\"@type\":\"ListItem\",\"position\":2,\"name\":\"Team\"}]},{\"@type\":\"WebSite\",\"@id\":\"https:\/\/schoenheitswahn-magdeburg.de\/wordpress\/#website\",\"url\":\"https:\/\/schoenheitswahn-magdeburg.de\/wordpress\/\",\"name\":\"Sch\u00f6nheitswahn Magdeburg\",\"description\":\"Dein Friseur in Magdeburg\",\"potentialAction\":[{\"@type\":\"SearchAction\",\"target\":{\"@type\":\"EntryPoint\",\"urlTemplate\":\"https:\/\/schoenheitswahn-magdeburg.de\/wordpress\/?s={search_term_string}\"},\"query-input\":\"required name=search_term_string\"}],\"inLanguage\":\"de\"}]}<\/script>\n<!-- \/ Yoast SEO plugin. -->","yoast_head_json":{"title":"Unser Team - Sch\u00f6nheitswahn Magdeburg","description":"Die verr\u00fcckten K\u00fcnstler. Ob kurz oder lang - ob Bart oder keiner, wir haben f\u00fcr jede Situationen einen Friseur-Experten in Magdeburg.","robots":{"index":"index","follow":"follow","max-snippet":"max-snippet:-1","max-image-preview":"max-image-preview:large","max-video-preview":"max-video-preview:-1"},"canonical":"https:\/\/schoenheitswahn-magdeburg.de\/wordpress\/?page_id=870","og_locale":"de_DE","og_type":"article","og_title":"Unser Team - Sch\u00f6nheitswahn Magdeburg","og_description":"Die verr\u00fcckten K\u00fcnstler. Ob kurz oder lang - ob Bart oder keiner, wir haben f\u00fcr jede Situationen einen Friseur-Experten in Magdeburg.","og_url":"https:\/\/schoenheitswahn-magdeburg.de\/wordpress\/?page_id=870","og_site_name":"Sch\u00f6nheitswahn Magdeburg","article_modified_time":"2025-12-12T10:43:33+00:00","twitter_card":"summary_large_image","twitter_misc":{"Gesch\u00e4tzte Lesezeit":"2\u00a0Minuten"},"schema":{"@context":"https:\/\/schema.org","@graph":[{"@type":"WebPage","@id":"https:\/\/schoenheitswahn-magdeburg.de\/wordpress\/?page_id=870","url":"https:\/\/schoenheitswahn-magdeburg.de\/wordpress\/?page_id=870","name":"Unser Team - Sch\u00f6nheitswahn Magdeburg","isPartOf":{"@id":"https:\/\/schoenheitswahn-magdeburg.de\/wordpress\/#website"},"datePublished":"2016-08-11T21:20:14+00:00","dateModified":"2025-12-12T10:43:33+00:00","description":"Die verr\u00fcckten K\u00fcnstler. Ob kurz oder lang - ob Bart oder keiner, wir haben f\u00fcr jede Situationen einen Friseur-Experten in Magdeburg.","breadcrumb":{"@id":"https:\/\/schoenheitswahn-magdeburg.de\/wordpress\/?page_id=870#breadcrumb"},"inLanguage":"de","potentialAction":[{"@type":"ReadAction","target":["https:\/\/schoenheitswahn-magdeburg.de\/wordpress\/?page_id=870"]}]},{"@type":"BreadcrumbList","@id":"https:\/\/schoenheitswahn-magdeburg.de\/wordpress\/?page_id=870#breadcrumb","itemListElement":[{"@type":"ListItem","position":1,"name":"Home","item":"https:\/\/schoenheitswahn-magdeburg.de\/wordpress\/"},{"@type":"ListItem","position":2,"name":"Team"}]},{"@type":"WebSite","@id":"https:\/\/schoenheitswahn-magdeburg.de\/wordpress\/#website","url":"https:\/\/schoenheitswahn-magdeburg.de\/wordpress\/","name":"Sch\u00f6nheitswahn Magdeburg","description":"Dein Friseur in Magdeburg","potentialAction":[{"@type":"SearchAction","target":{"@type":"EntryPoint","urlTemplate":"https:\/\/schoenheitswahn-magdeburg.de\/wordpress\/?s={search_term_string}"},"query-input":"required name=search_term_string"}],"inLanguage":"de"}]}},"_links":{"self":[{"href":"https:\/\/schoenheitswahn-magdeburg.de\/wordpress\/index.php?rest_route=\/wp\/v2\/pages\/870"}],"collection":[{"href":"https:\/\/schoenheitswahn-magdeburg.de\/wordpress\/index.php?rest_route=\/wp\/v2\/pages"}],"about":[{"href":"https:\/\/schoenheitswahn-magdeburg.de\/wordpress\/index.php?rest_route=\/wp\/v2\/types\/page"}],"author":[{"embeddable":true,"href":"https:\/\/schoenheitswahn-magdeburg.de\/wordpress\/index.php?rest_route=\/wp\/v2\/users\/1"}],"replies":[{"embeddable":true,"href":"https:\/\/schoenheitswahn-magdeburg.de\/wordpress\/index.php?rest_route=%2Fwp%2Fv2%2Fcomments&post=870"}],"version-history":[{"count":41,"href":"https:\/\/schoenheitswahn-magdeburg.de\/wordpress\/index.php?rest_route=\/wp\/v2\/pages\/870\/revisions"}],"predecessor-version":[{"id":1332,"href":"https:\/\/schoenheitswahn-magdeburg.de\/wordpress\/index.php?rest_route=\/wp\/v2\/pages\/870\/revisions\/1332"}],"wp:attachment":[{"href":"https:\/\/schoenheitswahn-magdeburg.de\/wordpress\/index.php?rest_route=%2Fwp%2Fv2%2Fmedia&parent=870"}],"curies":[{"name":"wp","href":"https:\/\/api.w.org\/{rel}","templated":true}]}}